{"id":31,"date":"2021-06-03T08:09:01","date_gmt":"2021-06-03T08:09:01","guid":{"rendered":"https:\/\/esserebambininellepocadelcovid.it\/?page_id=31"},"modified":"2021-06-03T10:48:05","modified_gmt":"2021-06-03T10:48:05","slug":"il-progetto","status":"publish","type":"page","link":"https:\/\/esserebambininellepocadelcovid.it\/index.php\/il-progetto\/","title":{"rendered":"Il Progetto"},"content":{"rendered":"\t\t<div data-elementor-type=\"wp-page\" data-elementor-id=\"31\" class=\"elementor elementor-31\">\n\t\t\t\t\t\t<section class=\"elementor-section elementor-top-section elementor-element elementor-element-845678e elementor-section-boxed elementor-section-height-default elementor-section-height-default\" data-id=\"845678e\" data-element_type=\"section\" data-e-type=\"section\">\n\t\t\t\t\t\t<div class=\"elementor-container elementor-column-gap-default\">\n\t\t\t\t\t<div class=\"elementor-column elementor-col-100 elementor-top-column elementor-element elementor-element-9bb1402\" data-id=\"9bb1402\" data-element_type=\"column\" data-e-type=\"column\">\n\t\t\t<div class=\"elementor-widget-wrap elementor-element-populated\">\n\t\t\t\t\t\t<div class=\"elementor-element elementor-element-773f7ed elementor-widget elementor-widget-text-editor\" data-id=\"773f7ed\" data-element_type=\"widget\" data-e-type=\"widget\" data-widget_type=\"text-editor.default\">\n\t\t\t\t<div class=\"elementor-widget-container\">\n\t\t\t\t\t\t\t\t\t<p><strong>Titolo del progetto<\/strong><\/p><p><strong>\u00a0<\/strong>\u201cessere bambino nell\u2019epoca del Covid-19\u201d \u2013 formazione di una rete di competenze per stimolare la socializzazione, la corretta alimentazione e le attivit\u00e0 all\u2019area aperta attraverso la scoperta del territorio\u201d<\/p><p>\u00a0<\/p><p><strong>Descrizione sintetica del<\/strong><\/p><p><strong>progetto<\/strong><\/p><p>La cooperativa sociale Pegaso, in rete con Confcooperative Provinciale e Asd Giulianova consapevole delle esigenze del territorio e di alcune problematiche socio\/economiche, propone due azioni:<\/p><p>In merito alla prma azione, nel periodo tra febbraio e aprile 2021 verranno organizzate due tipologie di lezioni tematiche, della durata di un\u2019ora ciascuna, da svolgere in copresenza con i docenti (o attraverso supporti informatici) destinate alle classi della seconda media degli istituti coinvolti:<\/p><p>&#8211; una, tenuta dalla Dott.ssa Simona Scanu (biologa nutrizionista) il cui obiettivo sar\u00e0 quello di educare i ragazzi al raggiungimento di uno stile di vita sano e un\u2019alimentazione corretta, importanti per migliorare la qualit\u00e0 della vita e prevenire malattie croniche quali obesit\u00e0, malattie cardiovascolari, diabete;<\/p><p>&#8211; una, tenuta da una Psicologa in cui si spiegheranno ai bambini i danni fisici e sociali cagionati dagli apparecchi tecnologici, quali pc, videogames e tablet, e l\u2019importanza di abbinare queste attivit\u00e0 ad un corretto stile di vita che dia spazio alla socializzazione.<\/p><p>In merito al secondo intervento, durante l&#8217;estate, agli utenti selezionati in collaborazione con il Comune di Ossi e dai responsabili del progetto designati dalla Coop. Pegaso, verranno offerte gratuitamente le attivit\u00e0 del campus estivo.<\/p><p>Ai ragazzi verr\u00e0 offerta cos\u00ec la possibilit\u00e0 di sviluppare nuove life skills, socializzare e non solo, infatti insieme alla Guida Ambientale Escursionistica, esperta nel settore della cultura storica e naturalistica del territorio, i ragazzi si prepareranno ad accogliere i loro coetanei e a mostrare loro le bellezze storico\/culturali del Logudoro<\/p><p>ed in particolare quelle del Comune di Ossi.<\/p><p>Difatti, grazie all\u2019accordo con le Associazioni della Rete, alla fine del progetto verranno ospitati i ragazzi facenti parte dell\u2019asd Giulanova, ai quali proprio i loro coetanei faranno da \u201cguide turistiche\u201d.<\/p><p>\u00a0<\/p><p><strong>Problemi\/esigenze che si intendono affrontare nel progetto<\/strong><\/p><p>Il progetto formativo nasce dall\u2019esigenza di rispondere alle problematiche peggiorate a seguito all\u2019emergenza da Covid-19:<\/p><p>La prima \u00e8 relativa alla sedentariet\u00e0 dei bambini ed alle cattive abitudini alimentari. I bambini per via della sospensione delle attivit\u00e0 sportive hanno sostituito il movimento all\u2019aperto con un incremento del tempo trascorso davanti a tablet e videogiochi, associati ad abitudini alimentari scorrette.<\/p><p>La seconda \u00e8 relativa allo spazio temporale lasciato libero dalle strutture scolastiche nel periodo estivo, che oltre a creare un distacco nel percorso educativo dei bambini, crea un problema ai genitori, che impegnati a tempo pieno nel lavoro si trovano di fronte a mille difficolt\u00e0 nel trovare una struttura valida che nel rispetto delle prescrizioni Covid-19 offra un servizio ad un costo sostenibile<\/p><p><strong>Obiettivi che si intendono realizzare con il progetto<\/strong><\/p><p>Gli obbiettivi che si intendono raggiungere con il primo intervento sono:<\/p><p>&#8211; migliorare le abitudini alimentari;<\/p><p>&#8211; responsabilizzare i bambini nella scelta degli alimenti;<\/p><p>&#8211; promuovere un corretto stile di vita;<\/p><p>&#8211; sensibilizzare la socializzazione dei ragazzi ed il corretto utilizzo dei dispositivi di gioco elettronici;<\/p><p>Gli obiettivi che si vogliono raggiungere con il secondo intervento sono:<\/p><p>&#8211; far vivere ai bambini un\u2019esperienza ludico\/sociale fortemente rilevante maturando life skills e e dendogli la possibilit\u00e0 di conoscere a fondo e di apprezzare le bellezze del proprio territorio che saranno poi presentate ai giovani provenienti da altre realt\u00e0 nazionali;<\/p><p>&#8211; coinvolgere nel progetto tutti i bambini, anche quelli appartenenti a famiglie in difficolt\u00e0 economica;<\/p><p>&#8211; dare la possibilit\u00e0 ai genitori di avere un servizio a costo sostenibile, che gli permetta di poter lavorare senza gravare sulla struttura familiare allargata, che altrimenti sarebbe l\u2019unica alternativa valida per poter gestire i bambini durante l\u2019estate.<\/p>\t\t\t\t\t\t\t\t<\/div>\n\t\t\t\t<\/div>\n\t\t\t\t\t<\/div>\n\t\t<\/div>\n\t\t\t\t\t<\/div>\n\t\t<\/section>\n\t\t\t\t<section class=\"elementor-section elementor-top-section elementor-element elementor-element-3af4f4e elementor-section-boxed elementor-section-height-default elementor-section-height-default\" data-id=\"3af4f4e\" data-element_type=\"section\" data-e-type=\"section\">\n\t\t\t\t\t\t<div class=\"elementor-container elementor-column-gap-default\">\n\t\t\t\t\t<div class=\"elementor-column elementor-col-100 elementor-top-column elementor-element elementor-element-e8a455a\" data-id=\"e8a455a\" data-element_type=\"column\" data-e-type=\"column\">\n\t\t\t<div class=\"elementor-widget-wrap elementor-element-populated\">\n\t\t\t\t\t\t<div class=\"elementor-element elementor-element-b1b824c elementor-widget elementor-widget-image\" data-id=\"b1b824c\" data-element_type=\"widget\" data-e-type=\"widget\" data-widget_type=\"image.default\">\n\t\t\t\t<div class=\"elementor-widget-container\">\n\t\t\t\t\t\t\t\t\t\t\t\t\t\t\t<img fetchpriority=\"high\" decoding=\"async\" width=\"1024\" height=\"303\" src=\"https:\/\/esserebambininellepocadelcovid.it\/wp-content\/uploads\/2021\/06\/parte-centrale-essere-bambini-nel-epoca-del-covid-scaled-1024x303.jpg\" class=\"attachment-large size-large wp-image-23\" alt=\"\" srcset=\"https:\/\/esserebambininellepocadelcovid.it\/wp-content\/uploads\/2021\/06\/parte-centrale-essere-bambini-nel-epoca-del-covid-scaled-1024x303.jpg 1024w, https:\/\/esserebambininellepocadelcovid.it\/wp-content\/uploads\/2021\/06\/parte-centrale-essere-bambini-nel-epoca-del-covid-scaled-300x89.jpg 300w, https:\/\/esserebambininellepocadelcovid.it\/wp-content\/uploads\/2021\/06\/parte-centrale-essere-bambini-nel-epoca-del-covid-768x227.jpg 768w, https:\/\/esserebambininellepocadelcovid.it\/wp-content\/uploads\/2021\/06\/parte-centrale-essere-bambini-nel-epoca-del-covid-scaled-1536x454.jpg 1536w, https:\/\/esserebambininellepocadelcovid.it\/wp-content\/uploads\/2021\/06\/parte-centrale-essere-bambini-nel-epoca-del-covid-scaled-2048x606.jpg 2048w, https:\/\/esserebambininellepocadelcovid.it\/wp-content\/uploads\/2021\/06\/parte-centrale-essere-bambini-nel-epoca-del-covid-330x98.jpg 330w\" sizes=\"(max-width: 1024px) 100vw, 1024px\" \/>\t\t\t\t\t\t\t\t\t\t\t\t\t\t\t<\/div>\n\t\t\t\t<\/div>\n\t\t\t\t\t<\/div>\n\t\t<\/div>\n\t\t\t\t\t<\/div>\n\t\t<\/section>\n\t\t\t\t<section class=\"elementor-section elementor-top-section elementor-element elementor-element-6264130 elementor-section-full_width elementor-section-stretched elementor-section-height-default elementor-section-height-default\" data-id=\"6264130\" data-element_type=\"section\" data-e-type=\"section\" data-settings=\"{&quot;stretch_section&quot;:&quot;section-stretched&quot;,&quot;background_background&quot;:&quot;classic&quot;}\">\n\t\t\t\t\t\t<div class=\"elementor-container elementor-column-gap-default\">\n\t\t\t\t\t<div class=\"elementor-column elementor-col-100 elementor-top-column elementor-element elementor-element-ad9a61f\" data-id=\"ad9a61f\" data-element_type=\"column\" data-e-type=\"column\">\n\t\t\t<div class=\"elementor-widget-wrap elementor-element-populated\">\n\t\t\t\t\t\t<div class=\"elementor-element elementor-element-a74b0ad elementor-widget__width-auto elementor-invisible elementor-widget elementor-widget-image-carousel\" data-id=\"a74b0ad\" data-element_type=\"widget\" data-e-type=\"widget\" data-settings=\"{&quot;slides_to_show&quot;:&quot;4&quot;,&quot;navigation&quot;:&quot;none&quot;,&quot;autoplay_speed&quot;:3000,&quot;image_spacing_custom&quot;:{&quot;unit&quot;:&quot;px&quot;,&quot;size&quot;:50,&quot;sizes&quot;:[]},&quot;_animation&quot;:&quot;zoomIn&quot;,&quot;autoplay&quot;:&quot;yes&quot;,&quot;pause_on_hover&quot;:&quot;yes&quot;,&quot;pause_on_interaction&quot;:&quot;yes&quot;,&quot;infinite&quot;:&quot;yes&quot;,&quot;speed&quot;:500,&quot;image_spacing_custom_tablet&quot;:{&quot;unit&quot;:&quot;px&quot;,&quot;size&quot;:&quot;&quot;,&quot;sizes&quot;:[]},&quot;image_spacing_custom_mobile&quot;:{&quot;unit&quot;:&quot;px&quot;,&quot;size&quot;:&quot;&quot;,&quot;sizes&quot;:[]}}\" data-widget_type=\"image-carousel.default\">\n\t\t\t\t<div class=\"elementor-widget-container\">\n\t\t\t\t\t\t\t<div class=\"elementor-image-carousel-wrapper swiper\" role=\"region\" aria-roledescription=\"carousel\" aria-label=\"Carosello d&#039;immagini\" dir=\"ltr\">\n\t\t\t<div class=\"elementor-image-carousel swiper-wrapper swiper-image-stretch\" aria-live=\"off\">\n\t\t\t\t\t\t\t\t<div class=\"swiper-slide\" role=\"group\" aria-roledescription=\"slide\" aria-label=\"1 di 8\"><figure class=\"swiper-slide-inner\"><img decoding=\"async\" class=\"swiper-slide-image\" src=\"https:\/\/esserebambininellepocadelcovid.it\/wp-content\/uploads\/2021\/06\/fondazione-sardegna_logo-1.png\" alt=\"fondazione-sardegna_logo\" \/><\/figure><\/div><div class=\"swiper-slide\" role=\"group\" aria-roledescription=\"slide\" aria-label=\"2 di 8\"><figure class=\"swiper-slide-inner\"><img decoding=\"async\" class=\"swiper-slide-image\" src=\"https:\/\/esserebambininellepocadelcovid.it\/wp-content\/uploads\/2021\/06\/istituto-comprensivo-Ossi-768x262.png\" alt=\"istituto comprensivo Ossi\" \/><\/figure><\/div><div class=\"swiper-slide\" role=\"group\" aria-roledescription=\"slide\" aria-label=\"3 di 8\"><figure class=\"swiper-slide-inner\"><img decoding=\"async\" class=\"swiper-slide-image\" src=\"https:\/\/esserebambininellepocadelcovid.it\/wp-content\/uploads\/2021\/06\/fondazione-sardegna_logo.png\" alt=\"fondazione-sardegna_logo\" \/><\/figure><\/div><div class=\"swiper-slide\" role=\"group\" aria-roledescription=\"slide\" aria-label=\"4 di 8\"><figure class=\"swiper-slide-inner\"><img decoding=\"async\" class=\"swiper-slide-image\" src=\"https:\/\/esserebambininellepocadelcovid.it\/wp-content\/uploads\/2021\/06\/comune-di-ossi.png\" alt=\"comune di ossi\" \/><\/figure><\/div><div class=\"swiper-slide\" role=\"group\" aria-roledescription=\"slide\" aria-label=\"5 di 8\"><figure class=\"swiper-slide-inner\"><img decoding=\"async\" class=\"swiper-slide-image\" src=\"https:\/\/esserebambininellepocadelcovid.it\/wp-content\/uploads\/2021\/06\/fondazione-sardegna_logo-2.png\" alt=\"fondazione-sardegna_logo-2\" \/><\/figure><\/div><div class=\"swiper-slide\" role=\"group\" aria-roledescription=\"slide\" aria-label=\"6 di 8\"><figure class=\"swiper-slide-inner\"><img decoding=\"async\" class=\"swiper-slide-image\" src=\"https:\/\/esserebambininellepocadelcovid.it\/wp-content\/uploads\/2021\/06\/Pegaso.png\" alt=\"Pegaso\" \/><\/figure><\/div><div class=\"swiper-slide\" role=\"group\" aria-roledescription=\"slide\" aria-label=\"7 di 8\"><figure class=\"swiper-slide-inner\"><img decoding=\"async\" class=\"swiper-slide-image\" src=\"https:\/\/esserebambininellepocadelcovid.it\/wp-content\/uploads\/2021\/06\/fondazione-sardegna_logo-3.png\" alt=\"fondazione-sardegna_logo\" \/><\/figure><\/div><div class=\"swiper-slide\" role=\"group\" aria-roledescription=\"slide\" aria-label=\"8 di 8\"><figure class=\"swiper-slide-inner\"><img decoding=\"async\" class=\"swiper-slide-image\" src=\"https:\/\/esserebambininellepocadelcovid.it\/wp-content\/uploads\/2021\/06\/serenissima.png\" alt=\"serenissima\" \/><\/figure><\/div>\t\t\t<\/div>\n\t\t\t\t\t\t\t\n\t\t\t\t\t\t\t\t\t<\/div>\n\t\t\t\t\t\t<\/div>\n\t\t\t\t<\/div>\n\t\t\t\t\t<\/div>\n\t\t<\/div>\n\t\t\t\t\t<\/div>\n\t\t<\/section>\n\t\t\t\t<\/div>\n\t\t","protected":false},"excerpt":{"rendered":"<p>Titolo del progetto \u00a0\u201cessere bambino nell\u2019epoca del Covid-19\u201d \u2013 formazione di una rete di competenze per stimolare la socializzazione, la corretta alimentazione e le attivit\u00e0 all\u2019area aperta attraverso la scoperta del territorio\u201d Descrizione sintetica del progetto La cooperativa sociale Pegaso, in rete con Confcooperative Provinciale e Asd Giulianova consapevole delle esigenze del territorio e di [&hellip;]<\/p>\n","protected":false},"author":1,"featured_media":0,"parent":0,"menu_order":0,"comment_status":"closed","ping_status":"closed","template":"","meta":{"_acf_changed":false,"footnotes":""},"class_list":["post-31","page","type-page","status-publish","hentry"],"acf":[],"_links":{"self":[{"href":"https:\/\/esserebambininellepocadelcovid.it\/index.php\/wp-json\/wp\/v2\/pages\/31","targetHints":{"allow":["GET"]}}],"collection":[{"href":"https:\/\/esserebambininellepocadelcovid.it\/index.php\/wp-json\/wp\/v2\/pages"}],"about":[{"href":"https:\/\/esserebambininellepocadelcovid.it\/index.php\/wp-json\/wp\/v2\/types\/page"}],"author":[{"embeddable":true,"href":"https:\/\/esserebambininellepocadelcovid.it\/index.php\/wp-json\/wp\/v2\/users\/1"}],"replies":[{"embeddable":true,"href":"https:\/\/esserebambininellepocadelcovid.it\/index.php\/wp-json\/wp\/v2\/comments?post=31"}],"version-history":[{"count":22,"href":"https:\/\/esserebambininellepocadelcovid.it\/index.php\/wp-json\/wp\/v2\/pages\/31\/revisions"}],"predecessor-version":[{"id":76,"href":"https:\/\/esserebambininellepocadelcovid.it\/index.php\/wp-json\/wp\/v2\/pages\/31\/revisions\/76"}],"wp:attachment":[{"href":"https:\/\/esserebambininellepocadelcovid.it\/index.php\/wp-json\/wp\/v2\/media?parent=31"}],"curies":[{"name":"wp","href":"https:\/\/api.w.org\/{rel}","templated":true}]}}